{"id":528,"date":"2025-12-29T14:21:22","date_gmt":"2025-12-29T11:21:22","guid":{"rendered":"https:\/\/toliofarm.com\/?post_type=product&#038;p=528"},"modified":"2026-04-01T13:06:42","modified_gmt":"2026-04-01T10:06:42","slug":"2025-26-organik-erken-hasat-ultra-yuksek-polifenollu-500-ayvalik-zeytinyag-500ml","status":"publish","type":"product","link":"https:\/\/toliofarm.com\/en\/urunler\/2025-26-organik-erken-hasat-ultra-yuksek-polifenollu-500-ayvalik-zeytinyag-500ml\/","title":{"rendered":"2025-26 Organic Early Harvest Ultra High Polyphenol (500+) Ayval\u0131k Olive Oil 500ml"},"content":{"rendered":"<div class=\"woocommerce-tabs wc-tabs-wrapper\">\n<div id=\"tab-description\" class=\"woocommerce-Tabs-panel woocommerce-Tabs-panel--description panel entry-content wc-tab\" role=\"tabpanel\" aria-labelledby=\"tab-title-description\">\n<p><strong>Ultra Y\u00fcksek Polifenoll\u00fc ( 500+ ) Zeytinya\u011f<\/strong><\/p>\n<p>Erken hasat d\u00f6neminde \u00f6zenle toplanan zeytinlerimiz, maksimum 27\u00b0C\u2019nin alt\u0131nda yap\u0131lan so\u011fuk s\u0131k\u0131m y\u00f6ntemiyle i\u015flenir. Bu y\u00f6ntem sayesinde zeytinin t\u00fcm besin de\u011ferleri, aromas\u0131 ve y\u00fcksek polifenol oran\u0131 korunur.<\/p>\n<p>D\u00fc\u015f\u00fck asit oran\u0131 (\u22640.8), zeytinya\u011f\u0131m\u0131z\u0131n hem lezzet hem de kalite a\u00e7\u0131s\u0131ndan \u00fcst\u00fcnl\u00fc\u011f\u00fcn\u00fc kan\u0131tlar. Zengin meyvemsi aromas\u0131yla damakta hafif bir yak\u0131c\u0131l\u0131k ve taze zeytin kokusu b\u0131rak\u0131r.<\/p>\n<p>Tolio Olive, do\u011fal \u00fcretim s\u00fcre\u00e7leri, s\u00fcrd\u00fcr\u00fclebilir tar\u0131m ilkeleri ve izlenebilir kalite anlay\u0131\u015f\u0131yla sofralar\u0131n\u0131za yaln\u0131zca en iyisini getirir.<br \/>\n\u0130ster salatalarda, ister kahvalt\u0131larda, ister gurme tariflerde\u2026 Her damlas\u0131nda Ege\u2019nin bereketi gizlidir.<\/p>\n<\/div>\n<\/div>","protected":false},"excerpt":{"rendered":"<p>Ultra Y\u00fcksek Polifenoll\u00fc ( 500+ ) Zeytinya\u011f Erken hasat d\u00f6neminde \u00f6zenle toplanan zeytinlerimiz, maksimum 27\u00b0C\u2019nin alt\u0131nda yap\u0131lan so\u011fuk s\u0131k\u0131m y\u00f6ntemiyle i\u015flenir. Bu y\u00f6ntem sayesinde zeytinin t\u00fcm besin de\u011ferleri, aromas\u0131 ve y\u00fcksek polifenol oran\u0131 korunur. D\u00fc\u015f\u00fck asit oran\u0131 (\u22640.8), zeytinya\u011f\u0131m\u0131z\u0131n hem lezzet hem de kalite a\u00e7\u0131s\u0131ndan \u00fcst\u00fcnl\u00fc\u011f\u00fcn\u00fc kan\u0131tlar. Zengin meyvemsi aromas\u0131yla damakta hafif bir yak\u0131c\u0131l\u0131k ve [&hellip;]<\/p>\n","protected":false},"featured_media":540,"comment_status":"open","ping_status":"closed","template":"","meta":{"_acf_changed":false},"product_brand":[],"product_cat":[31,20],"product_tag":[],"class_list":{"0":"post-528","1":"product","2":"type-product","3":"status-publish","4":"has-post-thumbnail","6":"product_cat-500-polifenol-zeytinyag","7":"product_cat-zeytinyagi","9":"first","10":"instock","11":"shipping-taxable","12":"purchasable","13":"product-type-simple"},"acf":[],"_links":{"self":[{"href":"https:\/\/toliofarm.com\/en\/wp-json\/wp\/v2\/product\/528","targetHints":{"allow":["GET"]}}],"collection":[{"href":"https:\/\/toliofarm.com\/en\/wp-json\/wp\/v2\/product"}],"about":[{"href":"https:\/\/toliofarm.com\/en\/wp-json\/wp\/v2\/types\/product"}],"replies":[{"embeddable":true,"href":"https:\/\/toliofarm.com\/en\/wp-json\/wp\/v2\/comments?post=528"}],"wp:featuredmedia":[{"embeddable":true,"href":"https:\/\/toliofarm.com\/en\/wp-json\/wp\/v2\/media\/540"}],"wp:attachment":[{"href":"https:\/\/toliofarm.com\/en\/wp-json\/wp\/v2\/media?parent=528"}],"wp:term":[{"taxonomy":"product_brand","embeddable":true,"href":"https:\/\/toliofarm.com\/en\/wp-json\/wp\/v2\/product_brand?post=528"},{"taxonomy":"product_cat","embeddable":true,"href":"https:\/\/toliofarm.com\/en\/wp-json\/wp\/v2\/product_cat?post=528"},{"taxonomy":"product_tag","embeddable":true,"href":"https:\/\/toliofarm.com\/en\/wp-json\/wp\/v2\/product_tag?post=528"}],"curies":[{"name":"wp","href":"https:\/\/api.w.org\/{rel}","templated":true}]}}