{"id":278,"date":"2025-11-07T15:54:22","date_gmt":"2025-11-07T12:54:22","guid":{"rendered":"https:\/\/toliostage.local\/?post_type=product&#038;p=278"},"modified":"2026-04-01T14:28:26","modified_gmt":"2026-04-01T11:28:26","slug":"natural-zeytinyagi-teneke-2l","status":"publish","type":"product","link":"https:\/\/toliofarm.com\/en\/urunler\/natural-zeytinyagi-teneke-2l\/","title":{"rendered":"2025-26 Erken Hasat So\u011fuk S\u0131k\u0131m Naturel S\u0131zma Zeytinya\u011f Teneke 2L"},"content":{"rendered":"<div id=\"primary\" class=\"content-area\">\n<p>&nbsp;<\/p>\n<div id=\"product-262\" class=\"product type-product post-262 status-publish first instock product_cat-zeytinyagi has-post-thumbnail shipping-taxable purchasable product-type-simple\">\n<div class=\"woocommerce-tabs wc-tabs-wrapper\">\n<div id=\"tab-description\" class=\"woocommerce-Tabs-panel woocommerce-Tabs-panel--description panel entry-content wc-tab\" role=\"tabpanel\" aria-labelledby=\"tab-title-description\">\n<p>Erken hasat d\u00f6neminde \u00f6zenle toplanan zeytinlerimiz, maksimum 27\u00b0C\u2019nin alt\u0131nda yap\u0131lan so\u011fuk s\u0131k\u0131m y\u00f6ntemiyle i\u015flenir. Bu y\u00f6ntem sayesinde zeytinin t\u00fcm besin de\u011ferleri, aromas\u0131 ve y\u00fcksek polifenol oran\u0131 korunur.<\/p>\n<p>D\u00fc\u015f\u00fck asit oran\u0131 (\u22640.8), zeytinya\u011f\u0131m\u0131z\u0131n hem lezzet hem de kalite a\u00e7\u0131s\u0131ndan \u00fcst\u00fcnl\u00fc\u011f\u00fcn\u00fc kan\u0131tlar. Zengin meyvemsi aromas\u0131yla damakta hafif bir yak\u0131c\u0131l\u0131k ve taze zeytin kokusu b\u0131rak\u0131r.<\/p>\n<p>Tolio Olive, do\u011fal \u00fcretim s\u00fcre\u00e7leri, s\u00fcrd\u00fcr\u00fclebilir tar\u0131m ilkeleri ve izlenebilir kalite anlay\u0131\u015f\u0131yla sofralar\u0131n\u0131za yaln\u0131zca en iyisini getirir.<br \/>\n\u0130ster salatalarda, ister kahvalt\u0131larda, ister gurme tariflerde\u2026 Her damlas\u0131nda Ege\u2019nin bereketi gizlidir.<\/p>\n<\/div>\n<\/div>\n<\/div>\n<p>&nbsp;<\/p>\n<\/div>","protected":false},"excerpt":{"rendered":"<p>&nbsp; Erken hasat d\u00f6neminde \u00f6zenle toplanan zeytinlerimiz, maksimum 27\u00b0C\u2019nin alt\u0131nda yap\u0131lan so\u011fuk s\u0131k\u0131m y\u00f6ntemiyle i\u015flenir. Bu y\u00f6ntem sayesinde zeytinin t\u00fcm besin de\u011ferleri, aromas\u0131 ve y\u00fcksek polifenol oran\u0131 korunur. D\u00fc\u015f\u00fck asit oran\u0131 (\u22640.8), zeytinya\u011f\u0131m\u0131z\u0131n hem lezzet hem de kalite a\u00e7\u0131s\u0131ndan \u00fcst\u00fcnl\u00fc\u011f\u00fcn\u00fc kan\u0131tlar. Zengin meyvemsi aromas\u0131yla damakta hafif bir yak\u0131c\u0131l\u0131k ve taze zeytin kokusu b\u0131rak\u0131r. Tolio Olive, [&hellip;]<\/p>\n","protected":false},"featured_media":266,"comment_status":"open","ping_status":"closed","template":"","meta":{"_acf_changed":false},"product_brand":[],"product_cat":[20],"product_tag":[],"class_list":{"0":"post-278","1":"product","2":"type-product","3":"status-publish","4":"has-post-thumbnail","6":"product_cat-zeytinyagi","8":"first","9":"instock","10":"shipping-taxable","11":"purchasable","12":"product-type-simple"},"acf":[],"_links":{"self":[{"href":"https:\/\/toliofarm.com\/en\/wp-json\/wp\/v2\/product\/278","targetHints":{"allow":["GET"]}}],"collection":[{"href":"https:\/\/toliofarm.com\/en\/wp-json\/wp\/v2\/product"}],"about":[{"href":"https:\/\/toliofarm.com\/en\/wp-json\/wp\/v2\/types\/product"}],"replies":[{"embeddable":true,"href":"https:\/\/toliofarm.com\/en\/wp-json\/wp\/v2\/comments?post=278"}],"wp:featuredmedia":[{"embeddable":true,"href":"https:\/\/toliofarm.com\/en\/wp-json\/wp\/v2\/media\/266"}],"wp:attachment":[{"href":"https:\/\/toliofarm.com\/en\/wp-json\/wp\/v2\/media?parent=278"}],"wp:term":[{"taxonomy":"product_brand","embeddable":true,"href":"https:\/\/toliofarm.com\/en\/wp-json\/wp\/v2\/product_brand?post=278"},{"taxonomy":"product_cat","embeddable":true,"href":"https:\/\/toliofarm.com\/en\/wp-json\/wp\/v2\/product_cat?post=278"},{"taxonomy":"product_tag","embeddable":true,"href":"https:\/\/toliofarm.com\/en\/wp-json\/wp\/v2\/product_tag?post=278"}],"curies":[{"name":"wp","href":"https:\/\/api.w.org\/{rel}","templated":true}]}}