{"id":422,"date":"2025-11-28T15:53:04","date_gmt":"2025-11-28T12:53:04","guid":{"rendered":"https:\/\/toliofarm.com\/?page_id=422"},"modified":"2025-12-23T19:23:55","modified_gmt":"2025-12-23T16:23:55","slug":"sertifikalar","status":"publish","type":"page","link":"https:\/\/toliofarm.com\/en\/sertifikalar\/","title":{"rendered":"Certificates"},"content":{"rendered":"<div data-elementor-type=\"wp-page\" data-elementor-id=\"422\" class=\"elementor elementor-422\" data-elementor-post-type=\"page\">\n\t\t\t\t<div class=\"elementor-element elementor-element-f61f0e5 e-flex e-con-boxed e-con e-parent\" data-id=\"f61f0e5\" data-element_type=\"container\" data-e-type=\"container\">\n\t\t\t\t\t<div class=\"e-con-inner\">\n\t\t<div class=\"elementor-element elementor-element-1a2e600 e-con-full e-flex e-con e-child\" data-id=\"1a2e600\" data-element_type=\"container\" data-e-type=\"container\">\n\t\t\t\t<div class=\"elementor-element elementor-element-963db00 elementor-widget elementor-widget-heading\" data-id=\"963db00\" data-element_type=\"widget\" data-e-type=\"widget\" data-widget_type=\"heading.default\">\n\t\t\t\t\t<span class=\"elementor-heading-title elementor-size-default\">TOLIO FARM<\/span>\t\t\t\t<\/div>\n\t\t\t\t<div class=\"elementor-element elementor-element-87cb760 elementor-widget elementor-widget-heading\" data-id=\"87cb760\" data-element_type=\"widget\" data-e-type=\"widget\" data-widget_type=\"heading.default\">\n\t\t\t\t\t<span class=\"elementor-heading-title elementor-size-default\">Certificates &amp; Documents<\/span>\t\t\t\t<\/div>\n\t\t\t\t<div class=\"elementor-element elementor-element-f22f50f elementor-widget elementor-widget-heading\" data-id=\"f22f50f\" data-element_type=\"widget\" data-e-type=\"widget\" data-widget_type=\"heading.default\">\n\t\t\t\t\t<span class=\"elementor-heading-title elementor-size-default\">Certified Production &amp; Cold Pressed<\/span>\t\t\t\t<\/div>\n\t\t\t\t<\/div>\n\t\t<div class=\"elementor-element elementor-element-56ee97b e-con-full e-flex e-con e-child\" data-id=\"56ee97b\" data-element_type=\"container\" data-e-type=\"container\">\n\t\t<div class=\"elementor-element elementor-element-189ab21 e-con-full e-flex e-con e-child\" data-id=\"189ab21\" data-element_type=\"container\" data-e-type=\"container\">\n\t\t\t\t<div class=\"elementor-element elementor-element-b6fcb9f elementor-widget elementor-widget-image\" data-id=\"b6fcb9f\" data-element_type=\"widget\" data-e-type=\"widget\" data-widget_type=\"image.default\">\n\t\t\t\t\t\t\t\t\t\t\t\t<figure class=\"wp-caption\">\n\t\t\t\t\t\t\t\t\t\t\t<a href=\"https:\/\/toliofarm.com\/wp-content\/uploads\/2025\/11\/1.jpg\" data-elementor-open-lightbox=\"yes\" data-elementor-lightbox-title=\"1\" data-e-action-hash=\"#elementor-action%3Aaction%3Dlightbox%26settings%3DeyJpZCI6MzE2LCJ1cmwiOiJodHRwczpcL1wvdG9saW9mYXJtLmNvbVwvd3AtY29udGVudFwvdXBsb2Fkc1wvMjAyNVwvMTFcLzEuanBnIn0%3D\">\n\t\t\t\t\t\t\t<img fetchpriority=\"high\" decoding=\"async\" width=\"535\" height=\"755\" src=\"https:\/\/toliofarm.com\/wp-content\/uploads\/2025\/11\/1.jpg\" class=\"attachment-large size-large wp-image-316\" alt=\"\" srcset=\"https:\/\/toliofarm.com\/wp-content\/uploads\/2025\/11\/1.jpg 535w, https:\/\/toliofarm.com\/wp-content\/uploads\/2025\/11\/1-213x300.jpg 213w, https:\/\/toliofarm.com\/wp-content\/uploads\/2025\/11\/1-9x12.jpg 9w\" sizes=\"(max-width: 535px) 100vw, 535px\" \/>\t\t\t\t\t\t\t\t<\/a>\n\t\t\t\t\t\t\t\t\t\t\t<figcaption class=\"widget-image-caption wp-caption-text\">\u0130yi Tar\u0131m Uygulamalar\u0131 Sertifikas\u0131<\/figcaption>\n\t\t\t\t\t\t\t\t\t\t<\/figure>\n\t\t\t\t\t\t\t\t\t<\/div>\n\t\t\t\t<\/div>\n\t\t<div class=\"elementor-element elementor-element-f33778b e-con-full e-flex e-con e-child\" data-id=\"f33778b\" data-element_type=\"container\" data-e-type=\"container\">\n\t\t\t\t<div class=\"elementor-element elementor-element-c345370 elementor-widget elementor-widget-image\" data-id=\"c345370\" data-element_type=\"widget\" data-e-type=\"widget\" data-widget_type=\"image.default\">\n\t\t\t\t\t\t\t\t\t\t\t\t<figure class=\"wp-caption\">\n\t\t\t\t\t\t\t\t\t\t\t<a href=\"https:\/\/toliofarm.com\/wp-content\/uploads\/2025\/11\/2.jpg\" data-elementor-open-lightbox=\"yes\" data-elementor-lightbox-title=\"2\" data-e-action-hash=\"#elementor-action%3Aaction%3Dlightbox%26settings%3DeyJpZCI6MzE3LCJ1cmwiOiJodHRwczpcL1wvdG9saW9mYXJtLmNvbVwvd3AtY29udGVudFwvdXBsb2Fkc1wvMjAyNVwvMTFcLzIuanBnIn0%3D\">\n\t\t\t\t\t\t\t<img decoding=\"async\" width=\"535\" height=\"757\" src=\"https:\/\/toliofarm.com\/wp-content\/uploads\/2025\/11\/2.jpg\" class=\"attachment-large size-large wp-image-317\" alt=\"\" srcset=\"https:\/\/toliofarm.com\/wp-content\/uploads\/2025\/11\/2.jpg 535w, https:\/\/toliofarm.com\/wp-content\/uploads\/2025\/11\/2-212x300.jpg 212w, https:\/\/toliofarm.com\/wp-content\/uploads\/2025\/11\/2-8x12.jpg 8w\" sizes=\"(max-width: 535px) 100vw, 535px\" \/>\t\t\t\t\t\t\t\t<\/a>\n\t\t\t\t\t\t\t\t\t\t\t<figcaption class=\"widget-image-caption wp-caption-text\">Zeytinya\u011f\u0131 Analiz Sonucu<\/figcaption>\n\t\t\t\t\t\t\t\t\t\t<\/figure>\n\t\t\t\t\t\t\t\t\t<\/div>\n\t\t\t\t<\/div>\n\t\t<div class=\"elementor-element elementor-element-3ac46e1 e-con-full e-flex e-con e-child\" data-id=\"3ac46e1\" data-element_type=\"container\" data-e-type=\"container\">\n\t\t\t\t<div class=\"elementor-element elementor-element-a3e670b elementor-widget elementor-widget-image\" data-id=\"a3e670b\" data-element_type=\"widget\" data-e-type=\"widget\" data-widget_type=\"image.default\">\n\t\t\t\t\t\t\t\t\t\t\t\t<figure class=\"wp-caption\">\n\t\t\t\t\t\t\t\t\t\t\t<a href=\"https:\/\/toliofarm.com\/wp-content\/uploads\/2025\/11\/3.jpg\" data-elementor-open-lightbox=\"yes\" data-elementor-lightbox-title=\"3\" data-e-action-hash=\"#elementor-action%3Aaction%3Dlightbox%26settings%3DeyJpZCI6MzE4LCJ1cmwiOiJodHRwczpcL1wvdG9saW9mYXJtLmNvbVwvd3AtY29udGVudFwvdXBsb2Fkc1wvMjAyNVwvMTFcLzMuanBnIn0%3D\">\n\t\t\t\t\t\t\t<img decoding=\"async\" width=\"535\" height=\"757\" src=\"https:\/\/toliofarm.com\/wp-content\/uploads\/2025\/11\/3.jpg\" class=\"attachment-large size-large wp-image-318\" alt=\"\" srcset=\"https:\/\/toliofarm.com\/wp-content\/uploads\/2025\/11\/3.jpg 535w, https:\/\/toliofarm.com\/wp-content\/uploads\/2025\/11\/3-212x300.jpg 212w, https:\/\/toliofarm.com\/wp-content\/uploads\/2025\/11\/3-8x12.jpg 8w\" sizes=\"(max-width: 535px) 100vw, 535px\" \/>\t\t\t\t\t\t\t\t<\/a>\n\t\t\t\t\t\t\t\t\t\t\t<figcaption class=\"widget-image-caption wp-caption-text\">Marka Tescil Belgesi<\/figcaption>\n\t\t\t\t\t\t\t\t\t\t<\/figure>\n\t\t\t\t\t\t\t\t\t<\/div>\n\t\t\t\t<\/div>\n\t\t<div class=\"elementor-element elementor-element-f4c476d e-con-full e-flex e-con e-child\" data-id=\"f4c476d\" data-element_type=\"container\" data-e-type=\"container\">\n\t\t\t\t<div class=\"elementor-element elementor-element-6f3ee27 elementor-widget elementor-widget-image\" data-id=\"6f3ee27\" data-element_type=\"widget\" data-e-type=\"widget\" data-widget_type=\"image.default\">\n\t\t\t\t\t\t\t\t\t\t\t\t<figure class=\"wp-caption\">\n\t\t\t\t\t\t\t\t\t\t\t<a href=\"https:\/\/toliofarm.com\/wp-content\/uploads\/2025\/11\/4.jpg\" data-elementor-open-lightbox=\"yes\" data-elementor-lightbox-title=\"4\" data-e-action-hash=\"#elementor-action%3Aaction%3Dlightbox%26settings%3DeyJpZCI6MzE5LCJ1cmwiOiJodHRwczpcL1wvdG9saW9mYXJtLmNvbVwvd3AtY29udGVudFwvdXBsb2Fkc1wvMjAyNVwvMTFcLzQuanBnIn0%3D\">\n\t\t\t\t\t\t\t<img loading=\"lazy\" decoding=\"async\" width=\"535\" height=\"755\" src=\"https:\/\/toliofarm.com\/wp-content\/uploads\/2025\/11\/4.jpg\" class=\"attachment-large size-large wp-image-319\" alt=\"\" srcset=\"https:\/\/toliofarm.com\/wp-content\/uploads\/2025\/11\/4.jpg 535w, https:\/\/toliofarm.com\/wp-content\/uploads\/2025\/11\/4-213x300.jpg 213w, https:\/\/toliofarm.com\/wp-content\/uploads\/2025\/11\/4-9x12.jpg 9w\" sizes=\"(max-width: 535px) 100vw, 535px\" \/>\t\t\t\t\t\t\t\t<\/a>\n\t\t\t\t\t\t\t\t\t\t\t<figcaption class=\"widget-image-caption wp-caption-text\">\u0130yi Tar\u0131m Uygulamalar\u0131 Sertifikas\u0131<\/figcaption>\n\t\t\t\t\t\t\t\t\t\t<\/figure>\n\t\t\t\t\t\t\t\t\t<\/div>\n\t\t\t\t<\/div>\n\t\t\t\t<\/div>\n\t\t\t\t\t<\/div>\n\t\t\t\t<\/div>\n\t\t<div class=\"elementor-element elementor-element-e7fb0fd e-flex e-con-boxed e-con e-parent\" data-id=\"e7fb0fd\" data-element_type=\"container\" data-e-type=\"container\" data-settings=\"{&quot;background_background&quot;:&quot;classic&quot;}\">\n\t\t\t\t\t<div class=\"e-con-inner\">\n\t\t<div class=\"elementor-element elementor-element-d0af519 e-con-full e-flex e-con e-child\" data-id=\"d0af519\" data-element_type=\"container\" data-e-type=\"container\">\n\t\t\t\t<div class=\"elementor-element elementor-element-d4d867c elementor-widget elementor-widget-heading\" data-id=\"d4d867c\" data-element_type=\"widget\" data-e-type=\"widget\" data-widget_type=\"heading.default\">\n\t\t\t\t\t<span class=\"elementor-heading-title elementor-size-default\">TOLIO FARM<\/span>\t\t\t\t<\/div>\n\t\t\t\t<div class=\"elementor-element elementor-element-1ac0343 elementor-widget elementor-widget-heading\" data-id=\"1ac0343\" data-element_type=\"widget\" data-e-type=\"widget\" data-widget_type=\"heading.default\">\n\t\t\t\t\t<span class=\"elementor-heading-title elementor-size-default\">Benefits of Olive Oil<\/span>\t\t\t\t<\/div>\n\t\t\t\t<div class=\"elementor-element elementor-element-d53eec3 elementor-widget elementor-widget-heading\" data-id=\"d53eec3\" data-element_type=\"widget\" data-e-type=\"widget\" data-widget_type=\"heading.default\">\n\t\t\t\t\t<span class=\"elementor-heading-title elementor-size-default\">The Health Effects of 500+ Polyphenols<\/span>\t\t\t\t<\/div>\n\t\t\t\t<div class=\"elementor-element elementor-element-98e60aa elementor-widget elementor-widget-text-editor\" data-id=\"98e60aa\" data-element_type=\"widget\" data-e-type=\"widget\" data-widget_type=\"text-editor.default\">\n\t\t\t\t\t\t\t\t\t<p data-path-to-node=\"4,0,0\"><b data-path-to-node=\"4,0,0\" data-index-in-node=\"0\">Antioxidant Properties:<\/b>\u00a0Polyphenols neutralize free radicals in the body, preventing cell damage and delaying signs of aging.<\/p><p data-path-to-node=\"4,1,0\"><b data-path-to-node=\"4,1,0\" data-index-in-node=\"0\">Supporting Heart Health:<\/b>\u00a0Polyphenols help lower blood pressure and reduce the risk of cardiovascular diseases.<\/p><p data-path-to-node=\"4,2,0\"><b data-path-to-node=\"4,2,0\" data-index-in-node=\"0\">Reducing Cancer Risk:<\/b>\u00a0Research shows that polyphenols may have protective effects against certain types of cancer.<\/p><p data-path-to-node=\"4,3,0\"><b data-path-to-node=\"4,3,0\" data-index-in-node=\"0\">Improving Brain Health:<\/b>\u00a0Polyphenols support brain functions and slow down the development of neurodegenerative diseases.<\/p><p data-path-to-node=\"4,4,0\"><b data-path-to-node=\"4,4,0\" data-index-in-node=\"0\">Blood Sugar Control:<\/b>\u00a0Polyphenols regulate blood sugar, thereby reducing the risk of diabetes.<\/p><p data-path-to-node=\"4,5,0\"><b data-path-to-node=\"4,5,0\" data-index-in-node=\"0\">Reducing Inflammation:<\/b>\u00a0Thanks to their anti-inflammatory effects, polyphenols reduce chronic inflammation.<\/p><p><strong>Cellular Health:<\/strong>\u00a0Polyphenols fight free radicals in the body to support cell regeneration and exhibit a natural anti-inflammatory effect.<\/p><p><strong>Superior Taste and Purity:<\/strong>\u00a0%0.63\u2019l\u00fck ola\u011fan\u00fcst\u00fc d\u00fc\u015f\u00fck asit oran\u0131, onu sindirim sistemi i\u00e7in ideal ve mideyi yormayan saf bir lezzet haline getirir.<\/p><p><strong>Proof of Quality:<\/strong>\u00a0Y\u00fcksek polifenoll\u00fc ya\u011flar\u0131n \u00f6zelli\u011fi olan genizde b\u0131rakt\u0131\u011f\u0131 \u201cyak\u0131c\u0131l\u0131k\u201d ve \u201cac\u0131mt\u0131rak\u201d tat, \u00fcr\u00fcn\u00fcm\u00fcz\u00fcn g\u00fcc\u00fcn\u00fcn ve safl\u0131\u011f\u0131n\u0131n g\u00f6stergesidir.\u2028<\/p>\t\t\t\t\t\t\t\t<\/div>\n\t\t\t\t<\/div>\n\t\t<div class=\"elementor-element elementor-element-5e4ef82 e-con-full e-flex e-con e-child\" data-id=\"5e4ef82\" data-element_type=\"container\" data-e-type=\"container\">\n\t\t\t\t<div class=\"elementor-element elementor-element-7474b16 elementor-widget elementor-widget-image\" data-id=\"7474b16\" data-element_type=\"widget\" data-e-type=\"widget\" data-widget_type=\"image.default\">\n\t\t\t\t\t\t\t\t\t\t\t\t\t\t\t<img loading=\"lazy\" decoding=\"async\" width=\"605\" height=\"1080\" src=\"https:\/\/toliofarm.com\/wp-content\/uploads\/2025\/11\/yuksekpolifenol.jpg\" class=\"attachment-full size-full wp-image-321\" alt=\"\" srcset=\"https:\/\/toliofarm.com\/wp-content\/uploads\/2025\/11\/yuksekpolifenol.jpg 605w, https:\/\/toliofarm.com\/wp-content\/uploads\/2025\/11\/yuksekpolifenol-168x300.jpg 168w, https:\/\/toliofarm.com\/wp-content\/uploads\/2025\/11\/yuksekpolifenol-574x1024.jpg 574w, https:\/\/toliofarm.com\/wp-content\/uploads\/2025\/11\/yuksekpolifenol-7x12.jpg 7w, https:\/\/toliofarm.com\/wp-content\/uploads\/2025\/11\/yuksekpolifenol-600x1071.jpg 600w\" sizes=\"(max-width: 605px) 100vw, 605px\" \/>\t\t\t\t\t\t\t\t\t\t\t\t\t\t\t<\/div>\n\t\t\t\t<\/div>\n\t\t\t\t\t<\/div>\n\t\t\t\t<\/div>\n\t\t\t\t<\/div>","protected":false},"excerpt":{"rendered":"<p>TOLIO FARM Sertifika &amp; Belgelerimiz Sertifikal\u0131 \u00dcretim &amp; So\u011fuk S\u0131k\u0131m \u0130yi Tar\u0131m Uygulamalar\u0131 Sertifikas\u0131 Zeytinya\u011f\u0131 Analiz Sonucu Marka Tescil Belgesi \u0130yi Tar\u0131m Uygulamalar\u0131 Sertifikas\u0131 TOLIO FARM Zeytinya\u011f\u0131n\u0131n Faydalar\u0131 500+ Polifenol\u00fcn Sa\u011fl\u0131\u011f\u0131n\u0131za Etkileri Antisoksidan \u00d6zellikler:\u00a0Polifenoller, v\u00fccutta serbest radikalleri n\u00f6tralize ederek h\u00fccre hasar\u0131n\u0131 \u00f6nler ve ya\u015flanma belirtilerini geciktirir. Kalp Sa\u011fl\u0131\u011f\u0131n\u0131 Destekleme:\u00a0Polifenoller, kan bas\u0131nc\u0131n\u0131 d\u00fc\u015f\u00fcrmeye yard\u0131mc\u0131 olur ve [&hellip;]<\/p>\n","protected":false},"author":1,"featured_media":0,"parent":0,"menu_order":0,"comment_status":"closed","ping_status":"closed","template":"elementor_canvas","meta":{"_acf_changed":false,"footnotes":""},"class_list":["post-422","page","type-page","status-publish","hentry"],"acf":[],"_links":{"self":[{"href":"https:\/\/toliofarm.com\/en\/wp-json\/wp\/v2\/pages\/422","targetHints":{"allow":["GET"]}}],"collection":[{"href":"https:\/\/toliofarm.com\/en\/wp-json\/wp\/v2\/pages"}],"about":[{"href":"https:\/\/toliofarm.com\/en\/wp-json\/wp\/v2\/types\/page"}],"author":[{"embeddable":true,"href":"https:\/\/toliofarm.com\/en\/wp-json\/wp\/v2\/users\/1"}],"replies":[{"embeddable":true,"href":"https:\/\/toliofarm.com\/en\/wp-json\/wp\/v2\/comments?post=422"}],"version-history":[{"count":9,"href":"https:\/\/toliofarm.com\/en\/wp-json\/wp\/v2\/pages\/422\/revisions"}],"predecessor-version":[{"id":514,"href":"https:\/\/toliofarm.com\/en\/wp-json\/wp\/v2\/pages\/422\/revisions\/514"}],"wp:attachment":[{"href":"https:\/\/toliofarm.com\/en\/wp-json\/wp\/v2\/media?parent=422"}],"curies":[{"name":"wp","href":"https:\/\/api.w.org\/{rel}","templated":true}]}}