{"id":417,"date":"2025-11-28T15:38:29","date_gmt":"2025-11-28T12:38:29","guid":{"rendered":"https:\/\/toliofarm.com\/?page_id=417"},"modified":"2025-12-29T14:34:43","modified_gmt":"2025-12-29T11:34:43","slug":"hakkimizda","status":"publish","type":"page","link":"https:\/\/toliofarm.com\/en\/hakkimizda\/","title":{"rendered":"About us"},"content":{"rendered":"<div data-elementor-type=\"wp-page\" data-elementor-id=\"417\" class=\"elementor elementor-417\" data-elementor-post-type=\"page\">\n\t\t\t\t<div class=\"elementor-element elementor-element-f61f0e5 e-flex e-con-boxed e-con e-parent\" data-id=\"f61f0e5\" data-element_type=\"container\" data-e-type=\"container\">\n\t\t\t\t\t<div class=\"e-con-inner\">\n\t\t<div class=\"elementor-element elementor-element-1a2e600 e-con-full e-flex e-con e-child\" data-id=\"1a2e600\" data-element_type=\"container\" data-e-type=\"container\">\n\t\t\t\t<div class=\"elementor-element elementor-element-963db00 elementor-widget elementor-widget-heading\" data-id=\"963db00\" data-element_type=\"widget\" data-e-type=\"widget\" data-widget_type=\"heading.default\">\n\t\t\t\t\t<span class=\"elementor-heading-title elementor-size-default\">TOLIO FARM<\/span>\t\t\t\t<\/div>\n\t\t\t\t<div class=\"elementor-element elementor-element-87cb760 elementor-widget elementor-widget-heading\" data-id=\"87cb760\" data-element_type=\"widget\" data-e-type=\"widget\" data-widget_type=\"heading.default\">\n\t\t\t\t\t<span class=\"elementor-heading-title elementor-size-default\">We Share Nature\u2019s<\/span>\t\t\t\t<\/div>\n\t\t\t\t<div class=\"elementor-element elementor-element-f22f50f elementor-widget elementor-widget-heading\" data-id=\"f22f50f\" data-element_type=\"widget\" data-e-type=\"widget\" data-widget_type=\"heading.default\">\n\t\t\t\t\t<span class=\"elementor-heading-title elementor-size-default\">Healing with the World<\/span>\t\t\t\t<\/div>\n\t\t\t\t<div class=\"elementor-element elementor-element-327e12a elementor-widget elementor-widget-text-editor\" data-id=\"327e12a\" data-element_type=\"widget\" data-e-type=\"widget\" data-widget_type=\"text-editor.default\">\n\t\t\t\t\t\t\t\t\t<p>At Tolio Farm, our vision is to bring this heritage, born from the fertile lands of Turkey, to tables around the world. Today, Tolio Farm operates with a policy of zero additives, full traceability, and complete transparency. We are not just an olive oil brand\u2014we are an ecosystem restoring the respect nature deserves. 'Every drop is a labor of love, every bottle is a story.'<\/p><p>Our Mission To bring nature's highest quality product to your table.<\/p>\t\t\t\t\t\t\t\t<\/div>\n\t\t\t\t<\/div>\n\t\t<div class=\"elementor-element elementor-element-903a8de e-con-full e-flex e-con e-child\" data-id=\"903a8de\" data-element_type=\"container\" data-e-type=\"container\">\n\t\t\t\t<div class=\"elementor-element elementor-element-8f9f05d elementor-widget__width-initial elementor-widget elementor-widget-image\" data-id=\"8f9f05d\" data-element_type=\"widget\" data-e-type=\"widget\" data-widget_type=\"image.default\">\n\t\t\t\t\t\t\t\t\t\t\t\t\t\t\t<img fetchpriority=\"high\" decoding=\"async\" width=\"750\" height=\"500\" src=\"https:\/\/toliofarm.com\/wp-content\/uploads\/2025\/11\/tolio-1.jpg\" class=\"attachment-large size-large wp-image-287\" alt=\"\" srcset=\"https:\/\/toliofarm.com\/wp-content\/uploads\/2025\/11\/tolio-1.jpg 750w, https:\/\/toliofarm.com\/wp-content\/uploads\/2025\/11\/tolio-1-300x200.jpg 300w, https:\/\/toliofarm.com\/wp-content\/uploads\/2025\/11\/tolio-1-18x12.jpg 18w, https:\/\/toliofarm.com\/wp-content\/uploads\/2025\/11\/tolio-1-600x400.jpg 600w\" sizes=\"(max-width: 750px) 100vw, 750px\" \/>\t\t\t\t\t\t\t\t\t\t\t\t\t\t\t<\/div>\n\t\t\t\t<\/div>\n\t\t\t\t\t<\/div>\n\t\t\t\t<\/div>\n\t\t<div class=\"elementor-element elementor-element-051d8d1 e-flex e-con-boxed e-con e-parent\" data-id=\"051d8d1\" data-element_type=\"container\" data-e-type=\"container\">\n\t\t\t\t\t<div class=\"e-con-inner\">\n\t\t<div class=\"elementor-element elementor-element-ed5893e e-con-full e-flex e-con e-child\" data-id=\"ed5893e\" data-element_type=\"container\" data-e-type=\"container\">\n\t\t<div class=\"elementor-element elementor-element-cd4387c e-con-full e-flex e-con e-child\" data-id=\"cd4387c\" data-element_type=\"container\" data-e-type=\"container\">\n\t\t\t\t<div class=\"elementor-element elementor-element-f2534fa elementor-widget elementor-widget-video\" data-id=\"f2534fa\" data-element_type=\"widget\" data-e-type=\"widget\" data-settings=\"{&quot;youtube_url&quot;:&quot;https:\\\/\\\/www.youtube.com\\\/shorts\\\/QQb0hhCR2-c&quot;,&quot;show_image_overlay&quot;:&quot;yes&quot;,&quot;image_overlay&quot;:{&quot;url&quot;:&quot;&quot;,&quot;id&quot;:&quot;&quot;,&quot;size&quot;:&quot;&quot;,&quot;alt&quot;:&quot;&quot;,&quot;source&quot;:&quot;library&quot;},&quot;yt_privacy&quot;:&quot;yes&quot;,&quot;lazy_load&quot;:&quot;yes&quot;,&quot;video_type&quot;:&quot;youtube&quot;}\" data-widget_type=\"video.default\">\n\t\t\t\t\t\t\t<div class=\"elementor-wrapper elementor-open-inline\">\n\t\t\t<div class=\"elementor-video\"><\/div>\t\t<\/div>\n\t\t\t\t\t\t<\/div>\n\t\t\t\t<\/div>\n\t\t<div class=\"elementor-element elementor-element-97d4315 e-con-full e-flex e-con e-child\" data-id=\"97d4315\" data-element_type=\"container\" data-e-type=\"container\">\n\t\t\t\t<div class=\"elementor-element elementor-element-8db623d elementor-widget elementor-widget-video\" data-id=\"8db623d\" data-element_type=\"widget\" data-e-type=\"widget\" data-settings=\"{&quot;youtube_url&quot;:&quot;https:\\\/\\\/www.youtube.com\\\/shorts\\\/b7qWagVK5YM&quot;,&quot;show_image_overlay&quot;:&quot;yes&quot;,&quot;image_overlay&quot;:{&quot;url&quot;:&quot;&quot;,&quot;id&quot;:&quot;&quot;,&quot;size&quot;:&quot;&quot;,&quot;alt&quot;:&quot;&quot;,&quot;source&quot;:&quot;library&quot;},&quot;yt_privacy&quot;:&quot;yes&quot;,&quot;lazy_load&quot;:&quot;yes&quot;,&quot;video_type&quot;:&quot;youtube&quot;}\" data-widget_type=\"video.default\">\n\t\t\t\t\t\t\t<div class=\"elementor-wrapper elementor-open-inline\">\n\t\t\t<div class=\"elementor-video\"><\/div>\t\t<\/div>\n\t\t\t\t\t\t<\/div>\n\t\t\t\t<\/div>\n\t\t\t\t<\/div>\n\t\t\t\t\t<\/div>\n\t\t\t\t<\/div>\n\t\t<div class=\"elementor-element elementor-element-b272244 e-flex e-con-boxed e-con e-parent\" data-id=\"b272244\" data-element_type=\"container\" data-e-type=\"container\" data-settings=\"{&quot;background_background&quot;:&quot;classic&quot;}\">\n\t\t\t\t\t<div class=\"e-con-inner\">\n\t\t\t\t<div class=\"elementor-element elementor-element-a081c0b elementor-widget elementor-widget-heading\" data-id=\"a081c0b\" data-element_type=\"widget\" data-e-type=\"widget\" data-widget_type=\"heading.default\">\n\t\t\t\t\t<span class=\"elementor-heading-title elementor-size-default\">Digital Catalog<\/span>\t\t\t\t<\/div>\n\t\t\t\t<div class=\"elementor-element elementor-element-7c7cf16 elementor-widget elementor-widget-text-editor\" data-id=\"7c7cf16\" data-element_type=\"widget\" data-e-type=\"widget\" data-widget_type=\"text-editor.default\">\n\t\t\t\t\t<style>.elementor-element-7c7cf16{display:none !important}<\/style>\t\t\t\t<\/div>\n\t\t\t\t<div class=\"elementor-element elementor-element-8b3c81e elementor-widget elementor-widget-text-editor\" data-id=\"8b3c81e\" data-element_type=\"widget\" data-e-type=\"widget\" data-widget_type=\"text-editor.default\">\n\t\t\t\t\t\t\t\t\t<iframe style=\"border: 0px none #ffffff;\" src=\"https:\/\/toliofarm.com\/catalog\/en.html\" name=\"katalog\" width=\"1000%\" height=\"750px\" marginwidth=\"0\" marginheight=\"0\" scrolling=\"no\"><span data-mce-type=\"bookmark\" style=\"display: inline-block; width: 0px; overflow: hidden; line-height: 0;\" class=\"mce_SELRES_start\"><\/span><span data-mce-type=\"bookmark\" style=\"display: inline-block; width: 0px; overflow: hidden; line-height: 0;\" class=\"mce_SELRES_start\"><\/span><\/iframe>\t\t\t\t\t\t\t\t<\/div>\n\t\t\t\t\t<\/div>\n\t\t\t\t<\/div>\n\t\t\t\t<\/div>","protected":false},"excerpt":{"rendered":"<p>TOLIO FARM Do\u011fadan Gelen \u015eifay\u0131 D\u00fcnya ile Payla\u015f\u0131yoruz Tolio Farm olarak vizyonumuz; T\u00fcrkiye\u2019nin bereketli topraklar\u0131ndan do\u011fan bu miras\u0131, d\u00fcnya sofralar\u0131na ula\u015ft\u0131rmak. Bug\u00fcn Tolio Farm; \u00fcretiminde s\u0131f\u0131r katk\u0131, tam izlenebilirlik ve \u015feffafl\u0131k politikas\u0131yla \u00e7al\u0131\u015f\u0131r. Sadece bir zeytinya\u011f\u0131 markas\u0131 de\u011filiz \u2014 do\u011fan\u0131n hak etti\u011fi sayg\u0131y\u0131 yeniden in\u015fa eden bir ekosistemiz. \u201cHer damla bir emek, her \u015fi\u015fe bir [&hellip;]<\/p>\n","protected":false},"author":1,"featured_media":0,"parent":0,"menu_order":0,"comment_status":"closed","ping_status":"closed","template":"elementor_canvas","meta":{"_acf_changed":false,"footnotes":""},"class_list":["post-417","page","type-page","status-publish","hentry"],"acf":[],"_links":{"self":[{"href":"https:\/\/toliofarm.com\/en\/wp-json\/wp\/v2\/pages\/417","targetHints":{"allow":["GET"]}}],"collection":[{"href":"https:\/\/toliofarm.com\/en\/wp-json\/wp\/v2\/pages"}],"about":[{"href":"https:\/\/toliofarm.com\/en\/wp-json\/wp\/v2\/types\/page"}],"author":[{"embeddable":true,"href":"https:\/\/toliofarm.com\/en\/wp-json\/wp\/v2\/users\/1"}],"replies":[{"embeddable":true,"href":"https:\/\/toliofarm.com\/en\/wp-json\/wp\/v2\/comments?post=417"}],"version-history":[{"count":21,"href":"https:\/\/toliofarm.com\/en\/wp-json\/wp\/v2\/pages\/417\/revisions"}],"predecessor-version":[{"id":535,"href":"https:\/\/toliofarm.com\/en\/wp-json\/wp\/v2\/pages\/417\/revisions\/535"}],"wp:attachment":[{"href":"https:\/\/toliofarm.com\/en\/wp-json\/wp\/v2\/media?parent=417"}],"curies":[{"name":"wp","href":"https:\/\/api.w.org\/{rel}","templated":true}]}}